{"id":99,"date":"2017-01-03T13:56:33","date_gmt":"2017-01-03T12:56:33","guid":{"rendered":"https:\/\/www.testogel.org\/?page_id=99"},"modified":"2023-10-26T21:29:44","modified_gmt":"2023-10-26T19:29:44","slug":"koeb-testogel-sachets-uten-resept","status":"publish","type":"page","link":"https:\/\/www.testogel.org\/da\/","title":{"rendered":"K\u00f8b Testogel Sachets uten resept"},"content":{"rendered":"<p><img decoding=\"async\" loading=\"lazy\" class=\"alignright size-full wp-image-12\" src=\"http:\/\/www.testogel.org\/wp-content\/uploads\/2017\/01\/testogel.jpg\" alt=\"Testogel\" width=\"200\" height=\"160\" \/>Velkommen til vores professionelle portal.<\/p>\n<p>Testogel er en gel, der anvendes til behandling af testosteronmangel. Den aktive ingrediens testosteron tilf\u00f8res kroppen gennem huden. Efter p\u00e5f\u00f8ring medf\u00f8rer det en stigning i testosteronniveauet.<\/p>\n<p>Testogel indeholder k\u00f8nshormonet testosteron. Pr\u00e6paratet p\u00e5f\u00f8res som en gel, s\u00e5 de aktive ingredienser tilf\u00f8res kroppen gennem huden.<\/p>\n<div class=\"sue-panel\" data-url=\"\" data-target=\"self\" style=\"background-color:#fcfcfc;color:#333333;border-radius:14px;-moz-border-radius:14px;-webkit-border-radius:14px;box-shadow:0px 1px 2px #eeeeee;-moz-box-shadow:0px 1px 2px #eeeeee;-webkit-box-shadow:0px 1px 2px #eeeeee;border:2px dashed #0061C9\"><div class=\"sue-panel-content sue-content-wrap\" style=\"text-align:left\">\n<h2 style=\"text-align: center;\"><span id=\"bestil-testosteron-gel-uden-recept\">Bestil testosteron gel uden recept<\/span><\/h2>\n<p>Du kan bestille testosteron gel <strong>uden recept fra din l\u00e6ge<\/strong>. Dette er <strong>lovligt<\/strong> muligt ved at udstede en online recept, hvor du kun skal udfylde et online sp\u00f8rgeskema. Retsgrundlaget for denne online konsultation (fjerndiagnose) er EU-forordningen om patientmobilitet.<\/p>\n<p><strong>Bestil Testogel uden recept: <a href=\"http:\/\/www.testogel.org\/go\/testogel-dk\" target=\"_blank\" rel=\"nofollow noopener noreferrer\">www.dokteronline.com\/testogel<\/a><\/strong><\/p>\n<p>&nbsp;<\/p>\n<div class=\"su-button-center\"><a href=\"http:\/\/www.testogel.org\/go\/testogel-dk\" class=\"su-button su-button-style-stroked\" style=\"color:#FFFFFF;background-color:#0a9100;border-color:#087400;border-radius:9px;-moz-border-radius:9px;-webkit-border-radius:9px\" target=\"_blank\" rel=\"nofollow\"><span style=\"color:#FFFFFF;padding:8px 24px;font-size:18px;line-height:27px;border-color:#54b24d;border-radius:9px;-moz-border-radius:9px;-webkit-border-radius:9px;text-shadow:none;-moz-text-shadow:none;-webkit-text-shadow:none\"><i class=\"sui sui-arrow-circle-right\" style=\"font-size:18px;color:#FFFFFF\"><\/i> Bestil Testogel<\/span><\/a><\/div>\n<\/div><\/div>\n<h3><span id=\"pris\">Pris<\/span><\/h3>\n<p>Testogel pris: Fra 149,20 \u20ac (inklusive receptudstedelse).<\/p>\n<h2><span id=\"hvad-bruges-laegemidlet-til\">Hvad bruges l\u00e6gemidlet til?<\/span><\/h2>\n<div id=\"toc_container\" class=\"toc_wrap_right no_bullets\"><ul class=\"toc_list\"><li><a href=\"#bestil-testosteron-gel-uden-recept\">Bestil testosteron gel uden recept<\/a><ul><li><a href=\"#pris\">Pris<\/a><\/li><\/ul><\/li><li><a href=\"#hvad-bruges-laegemidlet-til\">Hvad bruges l\u00e6gemidlet til?<\/a><\/li><li><a href=\"#hvordan-anvendes-testogel\">Hvordan anvendes Testogel?<\/a><\/li><li><a href=\"#hvad-skal-man-vaere-opmaerksom-paa-under-brug\">Hvad skal man v\u00e6re opm\u00e6rksom p\u00e5 under brug?<\/a><\/li><li><a href=\"#hvilke-bivirkninger-kan-forekomme\">Hvilke bivirkninger kan forekomme?<\/a><\/li><\/ul><\/div>\nTestogel (Androgel) sachets anvendes kun til voksne og k\u00f8nsmodne m\u00e6nd som en del af en testosteronerstatningsterapi til behandling af tilstande, der for\u00e5rsager et underskud af testosteron. Testosteronniveauet kan v\u00e6re for lavt, f.eks. hvis hypofysen er underaktiv, hvis testiklerne er medf\u00f8dt frav\u00e6rende eller efter kastration. Testogel bruges ogs\u00e5 til at behandle nedsat seksuel lyst eller erektil dysfunktion, hvis symptomerne kan p\u00e5vises at v\u00e6re for\u00e5rsaget af mangel p\u00e5 testosteron.<\/p>\n<p>Testosterongel kan bruges til:<\/p>\n<div class=\"su-list\" style=\"margin-left:0px\">\n<ul>\n<li><i class=\"sui sui-caret-right\" style=\"color:#0061C9\"><\/i> Seksuelle lidelser<\/li>\n<li><i class=\"sui sui-caret-right\" style=\"color:#0061C9\"><\/i> Forstyrrelser i den seksuelle funktion<\/li>\n<li><i class=\"sui sui-caret-right\" style=\"color:#0061C9\"><\/i> Fald i sexlyst<\/li>\n<li><i class=\"sui sui-caret-right\" style=\"color:#0061C9\"><\/i> Tab af knoglesubstans p\u00e5 grund af lave hormonniveauer<\/li>\n<li><i class=\"sui sui-caret-right\" style=\"color:#0061C9\"><\/i> \u00d8nske om hurtigere muskelopbygning (bodybuilding)<\/li>\n<\/ul>\n<\/div>\n<h2><span id=\"hvordan-anvendes-testogel\">Hvordan anvendes Testogel?<\/span><\/h2>\n<p>Dette pr\u00e6parat er kun beregnet til voksne m\u00e6nd og b\u00f8r kun anvendes under l\u00e6geligt tilsyn.<\/p>\n<p>Testogel f\u00e5s i pakningsst\u00f8rrelser p\u00e5 30 eller 90 poser. En pose indeholder fem gram gel &#8211; indholdet svarer til den anbefalede daglige dosis p\u00e5 50 milligram testosteron. Den daglige dosis afh\u00e6nger af det kliniske billede og bestemmes altid af den l\u00e6ge, der behandler patienten. Den m\u00e5 dog ikke overstige 10 gram gel.<\/p>\n<p>Hele indholdet af en pose skal bruges op efter \u00e5bning. Det g\u00f8r man ved at klemme den farvel\u00f8se gel ud og sm\u00f8re den p\u00e5 skuldre, arme eller mave. Dette skal g\u00f8res en gang om dagen, helst om morgenen. Gelen m\u00e5 ikke komme p\u00e5 penis eller testikler.<\/p>\n<p>Gelen p\u00e5f\u00f8res tyndt p\u00e5 ren og t\u00f8r hud og beh\u00f8ver ikke at blive masseret ind. Den skal t\u00f8rre i tre til fem minutter, efter at den er smurt p\u00e5. Efter p\u00e5f\u00f8ring er det vigtigt at vaske h\u00e6nderne med vand og s\u00e6be. Alternativt kan man bruge engangshandsker, n\u00e5r man p\u00e5f\u00f8rer gelen.<\/p>\n<p>I tilf\u00e6lde af t\u00e6t hudkontakt er det ogs\u00e5 muligt at overf\u00f8re testosteron til andre personer, hvilket kan have negative helbredseffekter, is\u00e6r hos kvinder og b\u00f8rn. For at undg\u00e5 kontaminering skal de behandlede hudomr\u00e5der reng\u00f8res grundigt eller d\u00e6kkes af t\u00f8j, hvis det er n\u00f8dvendigt.<\/p>\n<p>For at undg\u00e5 ved et uheld at uds\u00e6tte andre for en risiko for overf\u00f8rsel, anbefales f\u00f8lgende forholdsregler:<\/p>\n<div class=\"su-list\" style=\"margin-left:0px\">\n<ul>\n<li><i class=\"sui sui-caret-right\" style=\"color:#0061C9\"><\/i> Vask h\u00e6nder med s\u00e6be<\/li>\n<li><i class=\"sui sui-caret-right\" style=\"color:#0061C9\"><\/i> Vask h\u00e6nderne med s\u00e6be og varmt vand efter p\u00e5f\u00f8ring<\/li>\n<li><i class=\"sui sui-caret-right\" style=\"color:#0061C9\"><\/i> N\u00e5r gelen er t\u00f8rret, d\u00e6kkes de behandlede omr\u00e5der med t\u00f8j<\/li>\n<li><i class=\"sui sui-caret-right\" style=\"color:#0061C9\"><\/i> Grundigt brusebad f\u00f8r t\u00e6t fysisk kontakt med andre mennesker<\/li>\n<li><i class=\"sui sui-caret-right\" style=\"color:#0061C9\"><\/i> Gravide og ammende kvinder m\u00e5 under ingen omst\u00e6ndigheder have kontakt med Testogel<\/li>\n<li><i class=\"sui sui-caret-right\" style=\"color:#0061C9\"><\/i> Opbevares utilg\u00e6ngeligt for b\u00f8rn<\/li>\n<\/ul>\n<\/div>\n<h2><span id=\"hvad-skal-man-vaere-opmaerksom-paa-under-brug\">Hvad skal man v\u00e6re opm\u00e6rksom p\u00e5 under brug?<\/span><\/h2>\n<p>Medicinen Androgel f\u00e5s kun p\u00e5 recept. En testosteronmangel m\u00e5 kun kompenseres med Testogel Dosiergel, hvis det er blevet bevist ved medicinske s\u00e5vel som laboratorietests. Brug af testosteronpr\u00e6parater kan \u00f8ge risikoen for godartet prostataforst\u00f8rrelse og prostatakr\u00e6ft. Derfor b\u00f8r der foretages regelm\u00e6ssige prostataunders\u00f8gelser under behandlingen.<\/p>\n<p>Hvis det bruges over en l\u00e6ngere periode, kan det f\u00f8re til en h\u00f8j stigning i r\u00f8de blodlegemer i blodet. Regelm\u00e6ssige blodpr\u00f8ver er derfor n\u00f8dvendige ved langvarig brug. Medicinen er uegnet til kvinder, da der er risiko for maskulinisering.<\/p>\n<p>Hvis patienter lider af migr\u00e6ne eller epilepsi, skal medicinen bruges med forsigtighed, da den kan \u00f8ge symptomerne. Ved hjerte-, nyre- eller leversygdom kan behandling med Testogel medf\u00f8re alvorlige komplikationer. Pr\u00e6paratet m\u00e5 ikke anvendes i tilf\u00e6lde af prostata- eller brystkr\u00e6ft, eller hvis der opst\u00e5r allergiske reaktioner.<\/p>\n<h2><span id=\"hvilke-bivirkninger-kan-forekomme\">Hvilke bivirkninger kan forekomme?<\/span><\/h2>\n<p>Hvis der opst\u00e5r bivirkninger under brugen, skal den behandlende l\u00e6ge straks informeres. Dette g\u00e6lder ogs\u00e5 ved brug af andre l\u00e6gemidler, herunder ikke-receptpligtige l\u00e6gemidler, for at undg\u00e5 interaktioner. Is\u00e6r hos patienter med kroniske luftvejssygdomme og hos st\u00e6rkt overv\u00e6gtige m\u00e6nd kan behandling med Testogel f\u00f8re til et kortvarigt oph\u00f8r af vejrtr\u00e6kning under s\u00f8vn.<\/p>\n<p>Konstante eller langvarige erektioner, irritabilitet, nerv\u00f8sitet og v\u00e6gt\u00f8gning kan v\u00e6re tegn p\u00e5 overdosering. Almindelige bivirkninger ved Testogel omfatter hudirritation, is\u00e6r for\u00e5rsaget af den alkohol, det indeholder. Hormoner, der tilf\u00f8res kroppen, kan ogs\u00e5 f\u00f8re til akne. Lejlighedsvis forekommer hovedpine, svimmelhed, diarr\u00e9, h\u00f8jt blodtryk, h\u00e5rtab, hum\u00f8rsvingninger, forst\u00f8rrede brystkirtler, \u00e6ndringer i prostata og blodtal under brug.<\/p>\n<div class=\"su-button-center\"><a href=\"http:\/\/www.testogel.org\/go\/testogel-dk\" class=\"su-button su-button-style-stroked\" style=\"color:#FFFFFF;background-color:#0a9100;border-color:#087400;border-radius:9px;-moz-border-radius:9px;-webkit-border-radius:9px\" target=\"_blank\" rel=\"nofollow\"><span style=\"color:#FFFFFF;padding:8px 24px;font-size:18px;line-height:27px;border-color:#54b24d;border-radius:9px;-moz-border-radius:9px;-webkit-border-radius:9px;text-shadow:none;-moz-text-shadow:none;-webkit-text-shadow:none\"><i class=\"sui sui-arrow-circle-right\" style=\"font-size:18px;color:#FFFFFF\"><\/i> Bestil Testogel<\/span><\/a><\/div>\n","protected":false},"excerpt":{"rendered":"<p>Velkommen til vores professionelle portal. Testogel er en gel, der anvendes til behandling af testosteronmangel. Den aktive ingrediens testosteron tilf\u00f8res kroppen gennem huden. Efter p\u00e5f\u00f8ring medf\u00f8rer det en stigning i testosteronniveauet. Testogel indeholder k\u00f8nshormonet testosteron. Pr\u00e6paratet p\u00e5f\u00f8res som en gel, s\u00e5 de aktive ingredienser tilf\u00f8res kroppen gennem huden. Pris Testogel pris: Fra 149,20 \u20ac (inklusive &#8230; <a title=\"K\u00f8b Testogel Sachets uten resept\" class=\"read-more\" href=\"https:\/\/www.testogel.org\/da\/\" aria-label=\"More on K\u00f8b Testogel Sachets uten resept\">L\u00e6s Mere<\/a><\/p>\n","protected":false},"author":1,"featured_media":0,"parent":0,"menu_order":0,"comment_status":"closed","ping_status":"closed","template":"","meta":{"footnotes":""},"yoast_head":"<!-- This site is optimized with the Yoast SEO plugin v21.4 - https:\/\/yoast.com\/wordpress\/plugins\/seo\/ -->\n<title>K\u00f8b Testogel (uden recept) \u2734\ufe0f 25\/50 mg<\/title>\n<meta name=\"robots\" content=\"index, follow, max-snippet:-1, max-image-preview:large, max-video-preview:-1\" \/>\n<link rel=\"canonical\" href=\"https:\/\/www.testogel.org\/da\/\" \/>\n<meta property=\"og:locale\" content=\"da_DK\" \/>\n<meta property=\"og:type\" content=\"article\" \/>\n<meta property=\"og:title\" content=\"K\u00f8b Testogel (uden recept) \u2734\ufe0f 25\/50 mg\" \/>\n<meta property=\"og:description\" content=\"Velkommen til vores professionelle portal. Testogel er en gel, der anvendes til behandling af testosteronmangel. Den aktive ingrediens testosteron tilf\u00f8res kroppen gennem huden. Efter p\u00e5f\u00f8ring medf\u00f8rer det en stigning i testosteronniveauet. Testogel indeholder k\u00f8nshormonet testosteron. Pr\u00e6paratet p\u00e5f\u00f8res som en gel, s\u00e5 de aktive ingredienser tilf\u00f8res kroppen gennem huden. Pris Testogel pris: Fra 149,20 \u20ac (inklusive ... L\u00e6s Mere\" \/>\n<meta property=\"og:url\" content=\"https:\/\/www.testogel.org\/da\/\" \/>\n<meta property=\"og:site_name\" content=\"Testogel\" \/>\n<meta property=\"article:modified_time\" content=\"2023-10-26T19:29:44+00:00\" \/>\n<meta property=\"og:image\" content=\"http:\/\/www.testogel.org\/wp-content\/uploads\/2017\/01\/testogel.jpg\" \/>\n<meta name=\"twitter:card\" content=\"summary_large_image\" \/>\n<meta name=\"twitter:label1\" content=\"Estimeret l\u00e6setid\" \/>\n\t<meta name=\"twitter:data1\" content=\"5 minutter\" \/>\n<script type=\"application\/ld+json\" class=\"yoast-schema-graph\">{\"@context\":\"https:\/\/schema.org\",\"@graph\":[{\"@type\":\"WebPage\",\"@id\":\"https:\/\/www.testogel.org\/da\/\",\"url\":\"https:\/\/www.testogel.org\/da\/\",\"name\":\"K\u00f8b Testogel (uden recept) \u2734\ufe0f 25\/50 mg\",\"isPartOf\":{\"@id\":\"https:\/\/www.testogel.org\/da\/#website\"},\"datePublished\":\"2017-01-03T12:56:33+00:00\",\"dateModified\":\"2023-10-26T19:29:44+00:00\",\"breadcrumb\":{\"@id\":\"https:\/\/www.testogel.org\/da\/#breadcrumb\"},\"inLanguage\":\"da-DK\",\"potentialAction\":[{\"@type\":\"ReadAction\",\"target\":[\"https:\/\/www.testogel.org\/da\/\"]}]},{\"@type\":\"BreadcrumbList\",\"@id\":\"https:\/\/www.testogel.org\/da\/#breadcrumb\",\"itemListElement\":[{\"@type\":\"ListItem\",\"position\":1,\"name\":\"Startseite\",\"item\":\"https:\/\/www.testogel.org\/da\/\"},{\"@type\":\"ListItem\",\"position\":2,\"name\":\"K\u00f8b Testogel Sachets uten resept\"}]},{\"@type\":\"WebSite\",\"@id\":\"https:\/\/www.testogel.org\/da\/#website\",\"url\":\"https:\/\/www.testogel.org\/da\/\",\"name\":\"Testogel\",\"description\":\"\",\"publisher\":{\"@id\":\"https:\/\/www.testogel.org\/da\/#organization\"},\"potentialAction\":[{\"@type\":\"SearchAction\",\"target\":{\"@type\":\"EntryPoint\",\"urlTemplate\":\"https:\/\/www.testogel.org\/da\/?s={search_term_string}\"},\"query-input\":\"required name=search_term_string\"}],\"inLanguage\":\"da-DK\"},{\"@type\":\"Organization\",\"@id\":\"https:\/\/www.testogel.org\/da\/#organization\",\"name\":\"Testogel\",\"url\":\"https:\/\/www.testogel.org\/da\/\",\"logo\":{\"@type\":\"ImageObject\",\"inLanguage\":\"da-DK\",\"@id\":\"https:\/\/www.testogel.org\/da\/#\/schema\/logo\/image\/\",\"url\":\"https:\/\/www.testogel.org\/wp-content\/uploads\/2023\/10\/testogel.gif\",\"contentUrl\":\"https:\/\/www.testogel.org\/wp-content\/uploads\/2023\/10\/testogel.gif\",\"width\":303,\"height\":120,\"caption\":\"Testogel\"},\"image\":{\"@id\":\"https:\/\/www.testogel.org\/da\/#\/schema\/logo\/image\/\"}}]}<\/script>\n<!-- \/ Yoast SEO plugin. -->","yoast_head_json":{"title":"K\u00f8b Testogel (uden recept) \u2734\ufe0f 25\/50 mg","robots":{"index":"index","follow":"follow","max-snippet":"max-snippet:-1","max-image-preview":"max-image-preview:large","max-video-preview":"max-video-preview:-1"},"canonical":"https:\/\/www.testogel.org\/da\/","og_locale":"da_DK","og_type":"article","og_title":"K\u00f8b Testogel (uden recept) \u2734\ufe0f 25\/50 mg","og_description":"Velkommen til vores professionelle portal. Testogel er en gel, der anvendes til behandling af testosteronmangel. Den aktive ingrediens testosteron tilf\u00f8res kroppen gennem huden. Efter p\u00e5f\u00f8ring medf\u00f8rer det en stigning i testosteronniveauet. Testogel indeholder k\u00f8nshormonet testosteron. Pr\u00e6paratet p\u00e5f\u00f8res som en gel, s\u00e5 de aktive ingredienser tilf\u00f8res kroppen gennem huden. Pris Testogel pris: Fra 149,20 \u20ac (inklusive ... L\u00e6s Mere","og_url":"https:\/\/www.testogel.org\/da\/","og_site_name":"Testogel","article_modified_time":"2023-10-26T19:29:44+00:00","og_image":[{"url":"http:\/\/www.testogel.org\/wp-content\/uploads\/2017\/01\/testogel.jpg"}],"twitter_card":"summary_large_image","twitter_misc":{"Estimeret l\u00e6setid":"5 minutter"},"schema":{"@context":"https:\/\/schema.org","@graph":[{"@type":"WebPage","@id":"https:\/\/www.testogel.org\/da\/","url":"https:\/\/www.testogel.org\/da\/","name":"K\u00f8b Testogel (uden recept) \u2734\ufe0f 25\/50 mg","isPartOf":{"@id":"https:\/\/www.testogel.org\/da\/#website"},"datePublished":"2017-01-03T12:56:33+00:00","dateModified":"2023-10-26T19:29:44+00:00","breadcrumb":{"@id":"https:\/\/www.testogel.org\/da\/#breadcrumb"},"inLanguage":"da-DK","potentialAction":[{"@type":"ReadAction","target":["https:\/\/www.testogel.org\/da\/"]}]},{"@type":"BreadcrumbList","@id":"https:\/\/www.testogel.org\/da\/#breadcrumb","itemListElement":[{"@type":"ListItem","position":1,"name":"Startseite","item":"https:\/\/www.testogel.org\/da\/"},{"@type":"ListItem","position":2,"name":"K\u00f8b Testogel Sachets uten resept"}]},{"@type":"WebSite","@id":"https:\/\/www.testogel.org\/da\/#website","url":"https:\/\/www.testogel.org\/da\/","name":"Testogel","description":"","publisher":{"@id":"https:\/\/www.testogel.org\/da\/#organization"},"potentialAction":[{"@type":"SearchAction","target":{"@type":"EntryPoint","urlTemplate":"https:\/\/www.testogel.org\/da\/?s={search_term_string}"},"query-input":"required name=search_term_string"}],"inLanguage":"da-DK"},{"@type":"Organization","@id":"https:\/\/www.testogel.org\/da\/#organization","name":"Testogel","url":"https:\/\/www.testogel.org\/da\/","logo":{"@type":"ImageObject","inLanguage":"da-DK","@id":"https:\/\/www.testogel.org\/da\/#\/schema\/logo\/image\/","url":"https:\/\/www.testogel.org\/wp-content\/uploads\/2023\/10\/testogel.gif","contentUrl":"https:\/\/www.testogel.org\/wp-content\/uploads\/2023\/10\/testogel.gif","width":303,"height":120,"caption":"Testogel"},"image":{"@id":"https:\/\/www.testogel.org\/da\/#\/schema\/logo\/image\/"}}]}},"_links":{"self":[{"href":"https:\/\/www.testogel.org\/da\/wp-json\/wp\/v2\/pages\/99"}],"collection":[{"href":"https:\/\/www.testogel.org\/da\/wp-json\/wp\/v2\/pages"}],"about":[{"href":"https:\/\/www.testogel.org\/da\/wp-json\/wp\/v2\/types\/page"}],"author":[{"embeddable":true,"href":"https:\/\/www.testogel.org\/da\/wp-json\/wp\/v2\/users\/1"}],"replies":[{"embeddable":true,"href":"https:\/\/www.testogel.org\/da\/wp-json\/wp\/v2\/comments?post=99"}],"version-history":[{"count":1,"href":"https:\/\/www.testogel.org\/da\/wp-json\/wp\/v2\/pages\/99\/revisions"}],"predecessor-version":[{"id":100,"href":"https:\/\/www.testogel.org\/da\/wp-json\/wp\/v2\/pages\/99\/revisions\/100"}],"wp:attachment":[{"href":"https:\/\/www.testogel.org\/da\/wp-json\/wp\/v2\/media?parent=99"}],"curies":[{"name":"wp","href":"https:\/\/api.w.org\/{rel}","templated":true}]}}