{"id":112,"date":"2017-01-03T13:56:33","date_gmt":"2017-01-03T12:56:33","guid":{"rendered":"https:\/\/www.testogel.org\/?page_id=112"},"modified":"2023-10-28T10:25:27","modified_gmt":"2023-10-28T08:25:27","slug":"osta-testogel-ilman-reseptiae-reseptivapaa","status":"publish","type":"page","link":"https:\/\/www.testogel.org\/fi\/","title":{"rendered":"Osta Testogel ilman resepti\u00e4 (Reseptivapaa)"},"content":{"rendered":"<p><img decoding=\"async\" loading=\"lazy\" class=\"alignright size-full wp-image-12\" src=\"http:\/\/www.testogel.org\/wp-content\/uploads\/2017\/01\/testogel.jpg\" alt=\"Testogel\" width=\"200\" height=\"160\" \/>Tervetuloa ammatilliseen portaaliin.<\/p>\n<p>Testogel on geeli, jota k\u00e4ytet\u00e4\u00e4n testosteronin puutteen hoitoon. Vaikuttava aine testosteroni sy\u00f6tet\u00e4\u00e4n elimist\u00f6\u00f6n ihon kautta. Levitt\u00e4misen j\u00e4lkeen se aiheuttaa testosteronipitoisuuden nousun.<\/p>\n<p>Testogel sis\u00e4lt\u00e4\u00e4 sukupuolihormoni testosteronia. Valmiste levitet\u00e4\u00e4n geelin\u00e4 siten, ett\u00e4 sen sis\u00e4lt\u00e4m\u00e4t vaikuttavat aineet sy\u00f6tet\u00e4\u00e4n elimist\u00f6\u00f6n ihon kautta.<\/p>\n<div class=\"sue-panel\" data-url=\"\" data-target=\"self\" style=\"background-color:#fcfcfc;color:#333333;border-radius:14px;-moz-border-radius:14px;-webkit-border-radius:14px;box-shadow:0px 1px 2px #eeeeee;-moz-box-shadow:0px 1px 2px #eeeeee;-webkit-box-shadow:0px 1px 2px #eeeeee;border:2px dashed #0061C9\"><div class=\"sue-panel-content sue-content-wrap\" style=\"text-align:left\">\n<h2 style=\"text-align: centre;\"><span id=\"tilaa-testosteronigeeli-ilman-reseptia\">Tilaa testosteronigeeli ilman resepti\u00e4<\/span><\/h2>\n<p>Voit tilata testosteronigeeli\u00e4 <strong>ilman resepti\u00e4 yleisl\u00e4\u00e4k\u00e4rilt\u00e4si<\/strong>. T\u00e4m\u00e4 on <strong>laillisesti<\/strong> mahdollista antamalla verkkom\u00e4\u00e4r\u00e4ys, jota varten sinun tarvitsee vain t\u00e4ytt\u00e4\u00e4 verkkokyselylomake. oikeusperusta t\u00e4lle verkkokonsultaatiolle (et\u00e4diagnoosille) on EU:n asetus potilaiden liikkuvuudesta.<\/p>\n<p><strong>Tilaa Testogel ilman resepti\u00e4: <a href=\"http:\/\/www.testogel.org\/go\/testogel-fi\" target=\"_blank\" rel=\"nofollow noopener noreferrer\">www.dokteronline.com\/testogel<\/a><\/strong>.<\/p>\n<p>&nbsp;<\/p>\n<div class=\"su-button-center\"><a href=\"http:\/\/www.testogel.org\/go\/testogel-fi\" class=\"su-button su-button-style-stroked\" style=\"color:#FFFFFF;background-color:#0a9100;border-color:#087400;border-radius:9px;-moz-border-radius:9px;-webkit-border-radius:9px\" target=\"_blank\" rel=\"nofollow\"><span style=\"color:#FFFFFF;padding:8px 24px;font-size:18px;line-height:27px;border-color:#54b24d;border-radius:9px;-moz-border-radius:9px;-webkit-border-radius:9px;text-shadow:none;-moz-text-shadow:none;-webkit-text-shadow:none\"><i class=\"sui sui-arrow-circle-right\" style=\"font-size:18px;color:#FFFFFF\"><\/i> Tilaa Testogel<\/span><\/a><\/div>\n<\/div><\/div>\n<h3><span id=\"hinta\">Hinta<\/span><\/h3>\n<p>Testogelin hinta: Alkaen 149,20 \u20ac (sis\u00e4lt\u00e4en reseptil\u00e4\u00e4kkeen antamisen).<\/p>\n<h2><span id=\"mihin-laaketta-kaytetaan\">Mihin l\u00e4\u00e4kett\u00e4 k\u00e4ytet\u00e4\u00e4n?<\/span><\/h2>\n<div id=\"toc_container\" class=\"toc_wrap_right no_bullets\"><ul class=\"toc_list\"><li><a href=\"#tilaa-testosteronigeeli-ilman-reseptia\">Tilaa testosteronigeeli ilman resepti\u00e4<\/a><ul><li><a href=\"#hinta\">Hinta<\/a><\/li><\/ul><\/li><li><a href=\"#mihin-laaketta-kaytetaan\">Mihin l\u00e4\u00e4kett\u00e4 k\u00e4ytet\u00e4\u00e4n?<\/a><\/li><li><a href=\"#miten-testogel-valmistetta-kaytetaan\">Miten Testogel-valmistetta k\u00e4ytet\u00e4\u00e4n?<\/a><\/li><li><a href=\"#mita-on-otettava-huomioon-kayton-aikana\">Mit\u00e4 on otettava huomioon k\u00e4yt\u00f6n aikana?<\/a><\/li><li><a href=\"#mita-haittavaikutuksia-voi-esiintya\">Mit\u00e4 haittavaikutuksia voi esiinty\u00e4?<\/a><\/li><\/ul><\/div>\nTestogelia (Androgel) k\u00e4ytet\u00e4\u00e4n vain aikuisilla ja sukukypsill\u00e4 miehill\u00e4 osana testosteronikorvaushoitoa testosteronivajetta aiheuttavien tilojen hoitoon. Testosteronipitoisuus voi olla liian alhainen esimerkiksi, jos aivolis\u00e4ke on vajaatoimintainen, jos kivekset puuttuvat synnynn\u00e4isesti tai kastraation j\u00e4lkeen. Testogelia k\u00e4ytet\u00e4\u00e4n my\u00f6s v\u00e4hentyneen seksuaalisen halun tai erektioh\u00e4iri\u00f6n hoitoon, jos oireiden voidaan osoittaa johtuvan testosteronin puutteesta.<\/p>\n<p>Testosteronigeeli\u00e4 voidaan k\u00e4ytt\u00e4\u00e4:<\/p>\n<div class=\"su-list\" style=\"margin-left:0px\">\n<ul>\n<li><i class=\"sui sui-caret-right\" style=\"color:#0061C9\"><\/i> Seksuaalitoiminnan h\u00e4iri\u00f6t<\/li>\n<li><i class=\"sui sui-caret-right\" style=\"color:#0061C9\"><\/i> Seksihalun v\u00e4heneminen<\/li>\n<li><i class=\"sui sui-caret-right\" style=\"color:#0061C9\"><\/i> Luuston substanssin menetys alhaisen hormonipitoisuuden vuoksi<\/li>\n<li><i class=\"sui sui-caret-right\" style=\"color:#0061C9\"><\/i> Halu nopeampaan lihasten rakentamiseen (kehonrakennus)<\/li>\n<\/ul>\n<\/div>\n<h2><span id=\"miten-testogel-valmistetta-kaytetaan\">Miten Testogel-valmistetta k\u00e4ytet\u00e4\u00e4n?<\/span><\/h2>\n<p>T\u00e4m\u00e4 valmiste on tarkoitettu k\u00e4ytett\u00e4v\u00e4ksi vain aikuisille miehille ja sit\u00e4 tulee k\u00e4ytt\u00e4\u00e4 vain l\u00e4\u00e4k\u00e4rin valvonnassa.<\/p>\n<p>Testogel on saatavana 30 tai 90 annospussin pakkauskokoina. Yksi annospussi sis\u00e4lt\u00e4\u00e4 viisi grammaa geeli\u00e4 &#8211; sis\u00e4lt\u00f6 vastaa suositeltua 50 milligramman testosteronin vuorokausiannosta. Vuorokausiannos riippuu kliinisest\u00e4 kuvasta ja sen m\u00e4\u00e4ritt\u00e4\u00e4 aina potilasta hoitava l\u00e4\u00e4k\u00e4ri. Se ei kuitenkaan saa ylitt\u00e4\u00e4 10 grammaa geeli\u00e4.<\/p>\n<p>Annospussin koko sis\u00e4lt\u00f6 on k\u00e4ytett\u00e4v\u00e4 loppuun avaamisen j\u00e4lkeen. T\u00e4t\u00e4 varten v\u00e4rit\u00f6n geeli puristetaan ulos ja levitet\u00e4\u00e4n hartioille, k\u00e4sivarsille tai vatsalle. T\u00e4m\u00e4 on teht\u00e4v\u00e4 kerran p\u00e4iv\u00e4ss\u00e4, mieluiten aamulla. Geeli\u00e4 ei saa joutua penikseen tai kiveksiin.<\/p>\n<p>Geeli levitet\u00e4\u00e4n ohuesti puhtaalle ja kuivalle iholle, eik\u00e4 sit\u00e4 tarvitse hieroa sis\u00e4\u00e4n. Sen on kuivuttava noin kolmesta viiteen minuuttia hieromisen j\u00e4lkeen. Levitt\u00e4misen j\u00e4lkeen on t\u00e4rke\u00e4\u00e4 pest\u00e4 k\u00e4det vedell\u00e4 ja saippualla. Vaihtoehtoisesti geeli\u00e4 levitett\u00e4ess\u00e4 voidaan k\u00e4ytt\u00e4\u00e4 kertak\u00e4ytt\u00f6k\u00e4sineit\u00e4.<\/p>\n<p>L\u00e4heisess\u00e4 ihokontaktissa testosteronin siirtyminen muihin henkil\u00f6ihin on my\u00f6s mahdollista, mill\u00e4 voi olla haitallisia terveysvaikutuksia erityisesti naisilla ja lapsilla. Kontaminaation v\u00e4ltt\u00e4miseksi k\u00e4sitellyt ihoalueet on tarvittaessa puhdistettava huolellisesti tai peitett\u00e4v\u00e4 vaatteilla.<\/p>\n<p>Jotta v\u00e4ltett\u00e4isiin muiden tahaton altistaminen tartuntariskille, suositellaan seuraavia varotoimenpiteit\u00e4:<\/p>\n<div class=\"su-list\" style=\"margin-left:0px\">\n<ul>\n<li><i class=\"sui sui-caret-right\" style=\"color:#0061C9\"><\/i> Pese k\u00e4det saippualla ja l\u00e4mpim\u00e4ll\u00e4 vedell\u00e4 k\u00e4yt\u00f6n j\u00e4lkeen<\/li>\n<li><i class=\"sui sui-caret-right\" style=\"color:#0061C9\"><\/i> Kun geeli on kuivunut, peit\u00e4 k\u00e4sitellyt alueet vaatteilla<\/li>\n<li><i class=\"sui sui-caret-right\" style=\"color:#0061C9\"><\/i> Shower perusteellisesti ennen l\u00e4heist\u00e4 fyysist\u00e4 kosketusta muiden ihmisten kanssa<\/li>\n<li><i class=\"sui sui-caret-right\" style=\"color:#0061C9\"><\/i> Raskaat ja imett\u00e4v\u00e4t naiset eiv\u00e4t saa miss\u00e4\u00e4n olosuhteissa olla kosketuksissa Testogelin kanssa<\/li>\n<li><i class=\"sui sui-caret-right\" style=\"color:#0061C9\"><\/i> S\u00e4ilyt\u00e4 lasten ulottumattomissa<\/li>\n<\/ul>\n<\/div>\n<h2><span id=\"mita-on-otettava-huomioon-kayton-aikana\">Mit\u00e4 on otettava huomioon k\u00e4yt\u00f6n aikana?<\/span><\/h2>\n<p>Androgel-l\u00e4\u00e4ke on saatavana vain reseptill\u00e4. Testosteronivaje voidaan kompensoida Testogel Dosiergelill\u00e4 vain, jos se on osoitettu l\u00e4\u00e4ketieteellisill\u00e4 sek\u00e4 laboratoriokokeilla. Testosteronivalmisteiden k\u00e4ytt\u00f6 voi lis\u00e4t\u00e4 eturauhasen hyv\u00e4nlaatuisen suurentumisen ja eturauhassy\u00f6v\u00e4n riski\u00e4. Siksi eturauhasen s\u00e4\u00e4nn\u00f6lliset tutkimukset on suoritettava hoidon aikana.<\/p>\n<p>Pitk\u00e4aikainen k\u00e4ytt\u00f6 voi johtaa veren punasolujen suureen lis\u00e4\u00e4ntymiseen. S\u00e4\u00e4nn\u00f6lliset verikokeet ovat siksi tarpeen pitk\u00e4aikaisen k\u00e4yt\u00f6n aikana. L\u00e4\u00e4ke ei sovellu naisille, koska on olemassa maskuliinistumisen vaara.<\/p>\n<p>Jos potilaat k\u00e4rsiv\u00e4t migreenist\u00e4 tai epilepsiasta, l\u00e4\u00e4kett\u00e4 on k\u00e4ytett\u00e4v\u00e4 varoen, sill\u00e4 se voi lis\u00e4t\u00e4 oireita. Jos potilaalla on syd\u00e4n-, munuais- tai maksasairaus, Testogel-hoito voi aiheuttaa vakavia komplikaatioita. Valmistetta ei saa k\u00e4ytt\u00e4\u00e4 eturauhas- tai rintasy\u00f6p\u00e4tapauksissa tai jos ilmenee allergisia reaktioita.<\/p>\n<h2><span id=\"mita-haittavaikutuksia-voi-esiintya\">Mit\u00e4 haittavaikutuksia voi esiinty\u00e4?<\/span><\/h2>\n<p>Jos k\u00e4yt\u00f6n aikana ilmenee haittavaikutuksia, niist\u00e4 on ilmoitettava v\u00e4litt\u00f6m\u00e4sti potilasta hoitavalle l\u00e4\u00e4k\u00e4rille. T\u00e4m\u00e4 koskee my\u00f6s muiden l\u00e4\u00e4kkeiden, my\u00f6s reseptivapaiden l\u00e4\u00e4kkeiden, k\u00e4ytt\u00f6\u00e4 yhteisvaikutusten v\u00e4ltt\u00e4miseksi. Erityisesti kroonisia hengityselinsairauksia sairastavilla potilailla ja voimakkaasti ylipainoisilla miehill\u00e4 Testogel-hoito voi johtaa lyhytaikaiseen hengityksen pys\u00e4htymiseen unen aikana.<\/p>\n<p>Jatkuvat tai pitkittyneet erektiot, \u00e4rtyneisyys, hermostuneisuus ja painonnousu voivat olla yliannostuksen merkkej\u00e4. Testogelin yleisi\u00e4 haittavaikutuksia ovat iho\u00e4rsytys, joka johtuu erityisesti sen sis\u00e4lt\u00e4m\u00e4st\u00e4 alkoholista. Kehoon lis\u00e4tyt hormonit voivat my\u00f6s johtaa aknen puhkeamiseen. Toisinaan k\u00e4yt\u00f6n aikana esiintyy p\u00e4\u00e4ns\u00e4rky\u00e4, huimausta, ripulia, korkeaa verenpainetta, hiustenl\u00e4ht\u00f6\u00e4, mielialan vaihteluita, suurentuneita rintarauhasia, muutoksia eturauhasessa ja verenkuvassa.<\/p>\n<div class=\"su-button-center\"><a href=\"http:\/\/www.testogel.org\/go\/testogel-fi\" class=\"su-button su-button-style-stroked\" style=\"color:#FFFFFF;background-color:#0a9100;border-color:#087400;border-radius:9px;-moz-border-radius:9px;-webkit-border-radius:9px\" target=\"_blank\" rel=\"nofollow\"><span style=\"color:#FFFFFF;padding:8px 24px;font-size:18px;line-height:27px;border-color:#54b24d;border-radius:9px;-moz-border-radius:9px;-webkit-border-radius:9px;text-shadow:none;-moz-text-shadow:none;-webkit-text-shadow:none\"><i class=\"sui sui-arrow-circle-right\" style=\"font-size:18px;color:#FFFFFF\"><\/i> Tilaa Testogel<\/span><\/a><\/div>\n","protected":false},"excerpt":{"rendered":"<p>Tervetuloa ammatilliseen portaaliin. Testogel on geeli, jota k\u00e4ytet\u00e4\u00e4n testosteronin puutteen hoitoon. Vaikuttava aine testosteroni sy\u00f6tet\u00e4\u00e4n elimist\u00f6\u00f6n ihon kautta. Levitt\u00e4misen j\u00e4lkeen se aiheuttaa testosteronipitoisuuden nousun. Testogel sis\u00e4lt\u00e4\u00e4 sukupuolihormoni testosteronia. Valmiste levitet\u00e4\u00e4n geelin\u00e4 siten, ett\u00e4 sen sis\u00e4lt\u00e4m\u00e4t vaikuttavat aineet sy\u00f6tet\u00e4\u00e4n elimist\u00f6\u00f6n ihon kautta. Hinta Testogelin hinta: Alkaen 149,20 \u20ac (sis\u00e4lt\u00e4en reseptil\u00e4\u00e4kkeen antamisen). Mihin l\u00e4\u00e4kett\u00e4 k\u00e4ytet\u00e4\u00e4n? Testogelia (Androgel) &#8230; <a title=\"Osta Testogel ilman resepti\u00e4 (Reseptivapaa)\" class=\"read-more\" href=\"https:\/\/www.testogel.org\/fi\/\" aria-label=\"Lis\u00e4\u00e4 Osta Testogel ilman resepti\u00e4 (Reseptivapaa)\">Lue lis\u00e4\u00e4<\/a><\/p>\n","protected":false},"author":1,"featured_media":0,"parent":0,"menu_order":0,"comment_status":"closed","ping_status":"closed","template":"","meta":{"footnotes":""},"yoast_head":"<!-- This site is optimized with the Yoast SEO plugin v21.4 - https:\/\/yoast.com\/wordpress\/plugins\/seo\/ -->\n<title>Testogel ilman resepti\u00e4 \u2734\ufe0f 50 mg<\/title>\n<meta name=\"robots\" content=\"index, follow, max-snippet:-1, max-image-preview:large, max-video-preview:-1\" \/>\n<link rel=\"canonical\" href=\"https:\/\/www.testogel.org\/fi\/\" \/>\n<meta property=\"og:locale\" content=\"fi_FI\" \/>\n<meta property=\"og:type\" content=\"article\" \/>\n<meta property=\"og:title\" content=\"Testogel ilman resepti\u00e4 \u2734\ufe0f 50 mg\" \/>\n<meta property=\"og:description\" content=\"Tervetuloa ammatilliseen portaaliin. Testogel on geeli, jota k\u00e4ytet\u00e4\u00e4n testosteronin puutteen hoitoon. Vaikuttava aine testosteroni sy\u00f6tet\u00e4\u00e4n elimist\u00f6\u00f6n ihon kautta. Levitt\u00e4misen j\u00e4lkeen se aiheuttaa testosteronipitoisuuden nousun. Testogel sis\u00e4lt\u00e4\u00e4 sukupuolihormoni testosteronia. Valmiste levitet\u00e4\u00e4n geelin\u00e4 siten, ett\u00e4 sen sis\u00e4lt\u00e4m\u00e4t vaikuttavat aineet sy\u00f6tet\u00e4\u00e4n elimist\u00f6\u00f6n ihon kautta. Hinta Testogelin hinta: Alkaen 149,20 \u20ac (sis\u00e4lt\u00e4en reseptil\u00e4\u00e4kkeen antamisen). Mihin l\u00e4\u00e4kett\u00e4 k\u00e4ytet\u00e4\u00e4n? Testogelia (Androgel) ... Lue lis\u00e4\u00e4\" \/>\n<meta property=\"og:url\" content=\"https:\/\/www.testogel.org\/fi\/\" \/>\n<meta property=\"og:site_name\" content=\"Testogel\" \/>\n<meta property=\"article:modified_time\" content=\"2023-10-28T08:25:27+00:00\" \/>\n<meta property=\"og:image\" content=\"http:\/\/www.testogel.org\/wp-content\/uploads\/2017\/01\/testogel.jpg\" \/>\n<meta name=\"twitter:card\" content=\"summary_large_image\" \/>\n<meta name=\"twitter:label1\" content=\"Arvioitu lukuaika\" \/>\n\t<meta name=\"twitter:data1\" content=\"4 minuuttia\" \/>\n<script type=\"application\/ld+json\" class=\"yoast-schema-graph\">{\"@context\":\"https:\/\/schema.org\",\"@graph\":[{\"@type\":\"WebPage\",\"@id\":\"https:\/\/www.testogel.org\/fi\/\",\"url\":\"https:\/\/www.testogel.org\/fi\/\",\"name\":\"Testogel ilman resepti\u00e4 \u2734\ufe0f 50 mg\",\"isPartOf\":{\"@id\":\"https:\/\/www.testogel.org\/fi\/#website\"},\"datePublished\":\"2017-01-03T12:56:33+00:00\",\"dateModified\":\"2023-10-28T08:25:27+00:00\",\"breadcrumb\":{\"@id\":\"https:\/\/www.testogel.org\/fi\/#breadcrumb\"},\"inLanguage\":\"fi\",\"potentialAction\":[{\"@type\":\"ReadAction\",\"target\":[\"https:\/\/www.testogel.org\/fi\/\"]}]},{\"@type\":\"BreadcrumbList\",\"@id\":\"https:\/\/www.testogel.org\/fi\/#breadcrumb\",\"itemListElement\":[{\"@type\":\"ListItem\",\"position\":1,\"name\":\"Startseite\",\"item\":\"https:\/\/www.testogel.org\/fi\/\"},{\"@type\":\"ListItem\",\"position\":2,\"name\":\"Osta Testogel ilman resepti\u00e4 (Reseptivapaa)\"}]},{\"@type\":\"WebSite\",\"@id\":\"https:\/\/www.testogel.org\/fi\/#website\",\"url\":\"https:\/\/www.testogel.org\/fi\/\",\"name\":\"Testogel\",\"description\":\"\",\"publisher\":{\"@id\":\"https:\/\/www.testogel.org\/fi\/#organization\"},\"potentialAction\":[{\"@type\":\"SearchAction\",\"target\":{\"@type\":\"EntryPoint\",\"urlTemplate\":\"https:\/\/www.testogel.org\/fi\/?s={search_term_string}\"},\"query-input\":\"required name=search_term_string\"}],\"inLanguage\":\"fi\"},{\"@type\":\"Organization\",\"@id\":\"https:\/\/www.testogel.org\/fi\/#organization\",\"name\":\"Testogel\",\"url\":\"https:\/\/www.testogel.org\/fi\/\",\"logo\":{\"@type\":\"ImageObject\",\"inLanguage\":\"fi\",\"@id\":\"https:\/\/www.testogel.org\/fi\/#\/schema\/logo\/image\/\",\"url\":\"https:\/\/www.testogel.org\/wp-content\/uploads\/2023\/10\/testogel.gif\",\"contentUrl\":\"https:\/\/www.testogel.org\/wp-content\/uploads\/2023\/10\/testogel.gif\",\"width\":303,\"height\":120,\"caption\":\"Testogel\"},\"image\":{\"@id\":\"https:\/\/www.testogel.org\/fi\/#\/schema\/logo\/image\/\"}}]}<\/script>\n<!-- \/ Yoast SEO plugin. -->","yoast_head_json":{"title":"Testogel ilman resepti\u00e4 \u2734\ufe0f 50 mg","robots":{"index":"index","follow":"follow","max-snippet":"max-snippet:-1","max-image-preview":"max-image-preview:large","max-video-preview":"max-video-preview:-1"},"canonical":"https:\/\/www.testogel.org\/fi\/","og_locale":"fi_FI","og_type":"article","og_title":"Testogel ilman resepti\u00e4 \u2734\ufe0f 50 mg","og_description":"Tervetuloa ammatilliseen portaaliin. Testogel on geeli, jota k\u00e4ytet\u00e4\u00e4n testosteronin puutteen hoitoon. Vaikuttava aine testosteroni sy\u00f6tet\u00e4\u00e4n elimist\u00f6\u00f6n ihon kautta. Levitt\u00e4misen j\u00e4lkeen se aiheuttaa testosteronipitoisuuden nousun. Testogel sis\u00e4lt\u00e4\u00e4 sukupuolihormoni testosteronia. Valmiste levitet\u00e4\u00e4n geelin\u00e4 siten, ett\u00e4 sen sis\u00e4lt\u00e4m\u00e4t vaikuttavat aineet sy\u00f6tet\u00e4\u00e4n elimist\u00f6\u00f6n ihon kautta. Hinta Testogelin hinta: Alkaen 149,20 \u20ac (sis\u00e4lt\u00e4en reseptil\u00e4\u00e4kkeen antamisen). Mihin l\u00e4\u00e4kett\u00e4 k\u00e4ytet\u00e4\u00e4n? Testogelia (Androgel) ... Lue lis\u00e4\u00e4","og_url":"https:\/\/www.testogel.org\/fi\/","og_site_name":"Testogel","article_modified_time":"2023-10-28T08:25:27+00:00","og_image":[{"url":"http:\/\/www.testogel.org\/wp-content\/uploads\/2017\/01\/testogel.jpg"}],"twitter_card":"summary_large_image","twitter_misc":{"Arvioitu lukuaika":"4 minuuttia"},"schema":{"@context":"https:\/\/schema.org","@graph":[{"@type":"WebPage","@id":"https:\/\/www.testogel.org\/fi\/","url":"https:\/\/www.testogel.org\/fi\/","name":"Testogel ilman resepti\u00e4 \u2734\ufe0f 50 mg","isPartOf":{"@id":"https:\/\/www.testogel.org\/fi\/#website"},"datePublished":"2017-01-03T12:56:33+00:00","dateModified":"2023-10-28T08:25:27+00:00","breadcrumb":{"@id":"https:\/\/www.testogel.org\/fi\/#breadcrumb"},"inLanguage":"fi","potentialAction":[{"@type":"ReadAction","target":["https:\/\/www.testogel.org\/fi\/"]}]},{"@type":"BreadcrumbList","@id":"https:\/\/www.testogel.org\/fi\/#breadcrumb","itemListElement":[{"@type":"ListItem","position":1,"name":"Startseite","item":"https:\/\/www.testogel.org\/fi\/"},{"@type":"ListItem","position":2,"name":"Osta Testogel ilman resepti\u00e4 (Reseptivapaa)"}]},{"@type":"WebSite","@id":"https:\/\/www.testogel.org\/fi\/#website","url":"https:\/\/www.testogel.org\/fi\/","name":"Testogel","description":"","publisher":{"@id":"https:\/\/www.testogel.org\/fi\/#organization"},"potentialAction":[{"@type":"SearchAction","target":{"@type":"EntryPoint","urlTemplate":"https:\/\/www.testogel.org\/fi\/?s={search_term_string}"},"query-input":"required name=search_term_string"}],"inLanguage":"fi"},{"@type":"Organization","@id":"https:\/\/www.testogel.org\/fi\/#organization","name":"Testogel","url":"https:\/\/www.testogel.org\/fi\/","logo":{"@type":"ImageObject","inLanguage":"fi","@id":"https:\/\/www.testogel.org\/fi\/#\/schema\/logo\/image\/","url":"https:\/\/www.testogel.org\/wp-content\/uploads\/2023\/10\/testogel.gif","contentUrl":"https:\/\/www.testogel.org\/wp-content\/uploads\/2023\/10\/testogel.gif","width":303,"height":120,"caption":"Testogel"},"image":{"@id":"https:\/\/www.testogel.org\/fi\/#\/schema\/logo\/image\/"}}]}},"_links":{"self":[{"href":"https:\/\/www.testogel.org\/fi\/wp-json\/wp\/v2\/pages\/112"}],"collection":[{"href":"https:\/\/www.testogel.org\/fi\/wp-json\/wp\/v2\/pages"}],"about":[{"href":"https:\/\/www.testogel.org\/fi\/wp-json\/wp\/v2\/types\/page"}],"author":[{"embeddable":true,"href":"https:\/\/www.testogel.org\/fi\/wp-json\/wp\/v2\/users\/1"}],"replies":[{"embeddable":true,"href":"https:\/\/www.testogel.org\/fi\/wp-json\/wp\/v2\/comments?post=112"}],"version-history":[{"count":4,"href":"https:\/\/www.testogel.org\/fi\/wp-json\/wp\/v2\/pages\/112\/revisions"}],"predecessor-version":[{"id":116,"href":"https:\/\/www.testogel.org\/fi\/wp-json\/wp\/v2\/pages\/112\/revisions\/116"}],"wp:attachment":[{"href":"https:\/\/www.testogel.org\/fi\/wp-json\/wp\/v2\/media?parent=112"}],"curies":[{"name":"wp","href":"https:\/\/api.w.org\/{rel}","templated":true}]}}