{"id":138,"date":"2017-01-03T13:56:33","date_gmt":"2017-01-03T12:56:33","guid":{"rendered":"https:\/\/www.testogel.org\/?page_id=138"},"modified":"2023-10-29T14:43:03","modified_gmt":"2023-10-29T13:43:03","slug":"comprar-testogel-50-mg-sem-receita-medica-em-portugal","status":"publish","type":"page","link":"https:\/\/www.testogel.org\/pt-pt\/","title":{"rendered":"Comprar Testogel 50 mg sem receita m\u00e9dica em Portugal"},"content":{"rendered":"<p><img decoding=\"async\" loading=\"lazy\" class=\"alignright size-full wp-image-12\" src=\"http:\/\/www.testogel.org\/wp-content\/uploads\/2017\/01\/testogel.jpg\" alt=\"Testogel\" width=\"200\" height=\"160\" \/>Bem-vindos ao nosso portal profissional.<\/p>\n<p>Testogel \u00e9 um gel utilizado para tratar a defici\u00eancia de testosterona. O ingrediente ativo testosterona \u00e9 fornecido ao corpo atrav\u00e9s da pele. Ap\u00f3s a aplica\u00e7\u00e3o, provoca um aumento dos n\u00edveis de testosterona.<\/p>\n<p>O Testogel cont\u00e9m a hormona sexual testosterona. A prepara\u00e7\u00e3o \u00e9 aplicada sob a forma de gel, de modo a que os ingredientes activos contidos sejam fornecidos ao organismo atrav\u00e9s da pele.<\/p>\n<div class=\"sue-panel\" data-url=\"\" data-target=\"self\" style=\"background-color:#fcfcfc;color:#333333;border-radius:14px;-moz-border-radius:14px;-webkit-border-radius:14px;box-shadow:0px 1px 2px #eeeeee;-moz-box-shadow:0px 1px 2px #eeeeee;-webkit-box-shadow:0px 1px 2px #eeeeee;border:2px dashed #0061C9\"><div class=\"sue-panel-content sue-content-wrap\" style=\"text-align:left\">\n<h2 style=\"text-align: centre;\"><span id=\"pedir-gel-de-testosterona-sem-receita-medica\">Pedir gel de testosterona sem receita m\u00e9dica<\/span><\/h2>\n<p>Pode encomendar gel de testosterona <strong>sem receita m\u00e9dica do seu m\u00e9dico de fam\u00edlia<\/strong>. Isso \u00e9 <strong>legalmente<\/strong> poss\u00edvel atrav\u00e9s da emiss\u00e3o de uma receita on-line, para a qual voc\u00ea s\u00f3 precisa preencher um question\u00e1rio on-line. A base legal para esta consulta on-line (diagn\u00f3stico remoto) \u00e9 o regulamento da UE sobre mobilidade de pacientes.<\/p>\n<p><strong>Pedir Testogel sem receita m\u00e9dica: <a href=\"http:\/\/www.testogel.org\/go\/testogel-pt\" target=\"_blank\" rel=\"nofollow noopener noreferrer\">www.dokteronline.com\/testogel<\/a><\/strong><\/p>\n<p>&nbsp;<\/p>\n<div class=\"su-button-center\"><a href=\"http:\/\/www.testogel.org\/go\/testogel-pt\" class=\"su-button su-button-style-stroked\" style=\"color:#FFFFFF;background-color:#0a9100;border-color:#087400;border-radius:9px;-moz-border-radius:9px;-webkit-border-radius:9px\" target=\"_blank\" rel=\"nofollow\"><span style=\"color:#FFFFFF;padding:8px 24px;font-size:18px;line-height:27px;border-color:#54b24d;border-radius:9px;-moz-border-radius:9px;-webkit-border-radius:9px;text-shadow:none;-moz-text-shadow:none;-webkit-text-shadow:none\"><i class=\"sui sui-arrow-circle-right\" style=\"font-size:18px;color:#FFFFFF\"><\/i> Encomendar Testogel<\/span><\/a><\/div>\n<\/div><\/div>\n<h3><span id=\"preco\">Pre\u00e7o<\/span><\/h3>\n<p>Pre\u00e7o do Testogel: A partir de \u20ac 142,20 (incluindo a emiss\u00e3o de receita m\u00e9dica).<\/p>\n<div id=\"toc_container\" class=\"no_bullets\"><ul class=\"toc_list\"><li><a href=\"#pedir-gel-de-testosterona-sem-receita-medica\">Pedir gel de testosterona sem receita m\u00e9dica<\/a><ul><li><a href=\"#preco\">Pre\u00e7o<\/a><\/li><\/ul><\/li><li><a href=\"#para-que-e-que-o-medicamento-e-utilizado\">Para que \u00e9 que o medicamento \u00e9 utilizado?<\/a><\/li><li><a href=\"#como-e-utilizado-o-testogel\">Como \u00e9 utilizado o Testogel?<\/a><\/li><li><a href=\"#o-que-deve-ser-considerado-durante-a-utilizacao\">O que deve ser considerado durante a utiliza\u00e7\u00e3o?<\/a><\/li><li><a href=\"#que-efeitos-secundarios-podem-ocorrer\">Que efeitos secund\u00e1rios podem ocorrer?<\/a><\/li><\/ul><\/div>\n\n<h2><span id=\"para-que-e-que-o-medicamento-e-utilizado\">Para que \u00e9 que o medicamento \u00e9 utilizado?<\/span><\/h2>\n<p>Testogel (Androgel) \u00e9 usado apenas em homens adultos e sexualmente maduros como parte da terapia de reposi\u00e7\u00e3o de testosterona para tratar condi\u00e7\u00f5es que causam um d\u00e9fice de testosterona. Os n\u00edveis de testosterona podem ser demasiado baixos, por exemplo, se a gl\u00e2ndula pituit\u00e1ria estiver pouco ativa, se os test\u00edculos estiverem congenitamente ausentes ou ap\u00f3s castra\u00e7\u00e3o. O Testogel \u00e9 tamb\u00e9m utilizado para tratar a redu\u00e7\u00e3o do desejo sexual ou a disfun\u00e7\u00e3o er\u00e9til, se for poss\u00edvel demonstrar que os sintomas s\u00e3o causados por uma falta de testosterona.<\/p>\n<p>O gel de testosterona pode ser utilizado para:<\/p>\n<div class=\"su-list\" style=\"margin-left:0px\">\n<ul>\n<li><i class=\"sui sui-caret-right\" style=\"color:#0061C9\"><\/i> Dist\u00farbios da fun\u00e7\u00e3o sexual<\/li>\n<li><i class=\"sui sui-caret-right\" style=\"color:#0061C9\"><\/i> Diminui\u00e7\u00e3o do desejo sexual<\/li>\n<li><i class=\"sui sui-caret-right\" style=\"color:#0061C9\"><\/i> Perda de subst\u00e2ncia \u00f3ssea devido a baixos n\u00edveis hormonais<\/li>\n<li><i class=\"sui sui-caret-right\" style=\"color:#0061C9\"><\/i> Desejo de uma constru\u00e7\u00e3o muscular mais r\u00e1pida (muscula\u00e7\u00e3o)<\/li>\n<\/ul>\n<\/div>\n<h2><span id=\"como-e-utilizado-o-testogel\">Como \u00e9 utilizado o Testogel?<\/span><\/h2>\n<p>Esta prepara\u00e7\u00e3o destina-se a ser utilizada apenas em homens adultos e s\u00f3 deve ser utilizada sob supervis\u00e3o m\u00e9dica.<\/p>\n<p>O Testogel est\u00e1 dispon\u00edvel em embalagens de 30 ou 90 saquetas. Uma saqueta cont\u00e9m cinco gramas de gel &#8211; o conte\u00fado corresponde \u00e0 dose di\u00e1ria recomendada de 50 miligramas de testosterona. A dose di\u00e1ria depende do quadro cl\u00ednico e \u00e9 sempre determinada pelo m\u00e9dico que trata o doente. No entanto, n\u00e3o deve exceder 10 gramas de gel.<\/p>\n<p>Depois de aberta, a saqueta deve ser consumida na totalidade. Para tal, o gel incolor \u00e9 espremido e espalhado nos ombros, bra\u00e7os ou abd\u00f3men. Este procedimento deve ser efectuado uma vez por dia, de prefer\u00eancia de manh\u00e3. O gel n\u00e3o deve entrar em contacto com o p\u00e9nis ou os test\u00edculos.<\/p>\n<p>O gel \u00e9 aplicado em camada fina sobre a pele limpa e seca e n\u00e3o precisa de ser massajado. Deve secar durante cerca de tr\u00eas a cinco minutos ap\u00f3s a aplica\u00e7\u00e3o. Ap\u00f3s a aplica\u00e7\u00e3o, \u00e9 essencial lavar as m\u00e3os com \u00e1gua e sab\u00e3o, ou usar luvas descart\u00e1veis para aplicar o gel.<\/p>\n<p>Em caso de contacto pr\u00f3ximo com a pele, \u00e9 tamb\u00e9m poss\u00edvel a transmiss\u00e3o da testosterona a outras pessoas, o que pode ter efeitos adversos para a sa\u00fade, especialmente em mulheres e crian\u00e7as. Para evitar a contamina\u00e7\u00e3o, as zonas da pele tratadas devem ser cuidadosamente limpas ou cobertas por vestu\u00e1rio, se necess\u00e1rio.<\/p>\n<p>Para evitar expor acidentalmente outras pessoas a um risco de transmiss\u00e3o, recomendam-se as seguintes precau\u00e7\u00f5es:<\/p>\n<div class=\"su-list\" style=\"margin-left:0px\">\n<ul>\n<li><i class=\"sui sui-caret-right\" style=\"color:#0061C9\"><\/i> Lavar as m\u00e3os com sab\u00e3o e \u00e1gua morna ap\u00f3s a aplica\u00e7\u00e3o<\/li>\n<li><i class=\"sui sui-caret-right\" style=\"color:#0061C9\"><\/i> Depois de o gel secar, cobrir as \u00e1reas tratadas com roupa<\/li>\n<li><i class=\"sui sui-caret-right\" style=\"color:#0061C9\"><\/i> Tomar um duche completo antes de entrar em contacto f\u00edsico pr\u00f3ximo com outras pessoas<\/li>\n<li><i class=\"sui sui-caret-right\" style=\"color:#0061C9\"><\/i> As mulheres gr\u00e1vidas e lactantes n\u00e3o devem, em caso algum, ter contacto com Testogel<\/li>\n<li><i class=\"sui sui-caret-right\" style=\"color:#0061C9\"><\/i> Armazenar fora do alcance das crian\u00e7as<\/li>\n<\/ul>\n<\/div>\n<h2><span id=\"o-que-deve-ser-considerado-durante-a-utilizacao\">O que deve ser considerado durante a utiliza\u00e7\u00e3o?<\/span><\/h2>\n<p>O medicamento Androgel s\u00f3 est\u00e1 dispon\u00edvel mediante receita m\u00e9dica. Uma defici\u00eancia de testosterona s\u00f3 pode ser compensada pelo Testogel Dosiergel se tiver sido comprovada por testes m\u00e9dicos e laboratoriais. A utiliza\u00e7\u00e3o de prepara\u00e7\u00f5es de testosterona pode aumentar o risco de aumento benigno da pr\u00f3stata e de cancro da pr\u00f3stata. Por conseguinte, devem ser efectuados exames regulares \u00e0 pr\u00f3stata durante o tratamento.<\/p>\n<p>Se forem utilizados durante um longo per\u00edodo de tempo, podem provocar um aumento elevado dos gl\u00f3bulos vermelhos no sangue. Por conseguinte, s\u00e3o necess\u00e1rias an\u00e1lises sangu\u00edneas regulares durante a utiliza\u00e7\u00e3o prolongada. O medicamento n\u00e3o \u00e9 adequado para mulheres, pois existe o risco de masculiniza\u00e7\u00e3o.<\/p>\n<p>Se os doentes sofrerem de enxaquecas ou epilepsia, o medicamento deve ser utilizado com precau\u00e7\u00e3o, uma vez que pode aumentar os sintomas. Se existirem doen\u00e7as card\u00edacas, renais ou hep\u00e1ticas, o tratamento com Testogel pode causar complica\u00e7\u00f5es graves. A prepara\u00e7\u00e3o n\u00e3o deve ser utilizada em casos de cancro da pr\u00f3stata ou da mama ou se ocorrerem reac\u00e7\u00f5es al\u00e9rgicas.<\/p>\n<h2><span id=\"que-efeitos-secundarios-podem-ocorrer\">Que efeitos secund\u00e1rios podem ocorrer?<\/span><\/h2>\n<p>Se ocorrerem efeitos secund\u00e1rios durante a utiliza\u00e7\u00e3o, o m\u00e9dico que trata o doente deve ser imediatamente informado. Isto tamb\u00e9m se aplica \u00e0 utiliza\u00e7\u00e3o de outros medicamentos, incluindo medicamentos n\u00e3o sujeitos a receita m\u00e9dica, a fim de evitar interac\u00e7\u00f5es. Particularmente em doentes com doen\u00e7as respirat\u00f3rias cr\u00f3nicas e em homens com excesso de peso, o tratamento com Testogel pode levar a uma paragem respirat\u00f3ria de curta dura\u00e7\u00e3o durante o sono.<\/p>\n<p>Erec\u00e7\u00f5es constantes ou prolongadas, irritabilidade, nervosismo e aumento de peso podem ser sinais de sobredosagem. Os efeitos secund\u00e1rios comuns do Testogel incluem irrita\u00e7\u00e3o da pele, especialmente causada pelo \u00e1lcool que cont\u00e9m. As hormonas adicionadas ao corpo podem tamb\u00e9m levar ao aparecimento de acne. Ocasionalmente, durante a utiliza\u00e7\u00e3o, surgem dores de cabe\u00e7a, tonturas, diarreia, tens\u00e3o arterial elevada, queda de cabelo, altera\u00e7\u00f5es de humor, aumento das gl\u00e2ndulas mam\u00e1rias, altera\u00e7\u00f5es na pr\u00f3stata e no hemograma.<\/p>\n<div class=\"su-button-center\"><a href=\"http:\/\/www.testogel.org\/go\/testogel-pt\" class=\"su-button su-button-style-stroked\" style=\"color:#FFFFFF;background-color:#0a9100;border-color:#087400;border-radius:9px;-moz-border-radius:9px;-webkit-border-radius:9px\" target=\"_blank\" rel=\"nofollow\"><span style=\"color:#FFFFFF;padding:8px 24px;font-size:18px;line-height:27px;border-color:#54b24d;border-radius:9px;-moz-border-radius:9px;-webkit-border-radius:9px;text-shadow:none;-moz-text-shadow:none;-webkit-text-shadow:none\"><i class=\"sui sui-arrow-circle-right\" style=\"font-size:18px;color:#FFFFFF\"><\/i> Encomendar Testogel<\/span><\/a><\/div>\n","protected":false},"excerpt":{"rendered":"<p>Bem-vindos ao nosso portal profissional. Testogel \u00e9 um gel utilizado para tratar a defici\u00eancia de testosterona. O ingrediente ativo testosterona \u00e9 fornecido ao corpo atrav\u00e9s da pele. Ap\u00f3s a aplica\u00e7\u00e3o, provoca um aumento dos n\u00edveis de testosterona. O Testogel cont\u00e9m a hormona sexual testosterona. A prepara\u00e7\u00e3o \u00e9 aplicada sob a forma de gel, de modo &#8230; <a title=\"Comprar Testogel 50 mg sem receita m\u00e9dica em Portugal\" class=\"read-more\" href=\"https:\/\/www.testogel.org\/pt-pt\/\" aria-label=\"Mais em Comprar Testogel 50 mg sem receita m\u00e9dica em Portugal\">Ler mais<\/a><\/p>\n","protected":false},"author":1,"featured_media":0,"parent":0,"menu_order":0,"comment_status":"closed","ping_status":"closed","template":"","meta":{"footnotes":""},"yoast_head":"<!-- This site is optimized with the Yoast SEO plugin v21.4 - https:\/\/yoast.com\/wordpress\/plugins\/seo\/ -->\n<title>Testogel sem receita em Portugal \u2734\ufe0f Pre\u00e7o: 142,20 \u20ac<\/title>\n<meta name=\"robots\" content=\"index, follow, max-snippet:-1, max-image-preview:large, max-video-preview:-1\" \/>\n<link rel=\"canonical\" href=\"https:\/\/www.testogel.org\/pt-pt\/\" \/>\n<meta property=\"og:locale\" content=\"pt_PT\" \/>\n<meta property=\"og:type\" content=\"article\" \/>\n<meta property=\"og:title\" content=\"Testogel sem receita em Portugal \u2734\ufe0f Pre\u00e7o: 142,20 \u20ac\" \/>\n<meta property=\"og:description\" content=\"Bem-vindos ao nosso portal profissional. Testogel \u00e9 um gel utilizado para tratar a defici\u00eancia de testosterona. O ingrediente ativo testosterona \u00e9 fornecido ao corpo atrav\u00e9s da pele. Ap\u00f3s a aplica\u00e7\u00e3o, provoca um aumento dos n\u00edveis de testosterona. O Testogel cont\u00e9m a hormona sexual testosterona. A prepara\u00e7\u00e3o \u00e9 aplicada sob a forma de gel, de modo ... Ler mais\" \/>\n<meta property=\"og:url\" content=\"https:\/\/www.testogel.org\/pt-pt\/\" \/>\n<meta property=\"og:site_name\" content=\"Testogel\" \/>\n<meta property=\"article:modified_time\" content=\"2023-10-29T13:43:03+00:00\" \/>\n<meta property=\"og:image\" content=\"http:\/\/www.testogel.org\/wp-content\/uploads\/2017\/01\/testogel.jpg\" \/>\n<meta name=\"twitter:card\" content=\"summary_large_image\" \/>\n<meta name=\"twitter:label1\" content=\"Tempo estimado de leitura\" \/>\n\t<meta name=\"twitter:data1\" content=\"6 minutos\" \/>\n<script type=\"application\/ld+json\" class=\"yoast-schema-graph\">{\"@context\":\"https:\/\/schema.org\",\"@graph\":[{\"@type\":\"WebPage\",\"@id\":\"https:\/\/www.testogel.org\/pt-pt\/\",\"url\":\"https:\/\/www.testogel.org\/pt-pt\/\",\"name\":\"Testogel sem receita em Portugal \u2734\ufe0f Pre\u00e7o: 142,20 \u20ac\",\"isPartOf\":{\"@id\":\"https:\/\/www.testogel.org\/pt-pt\/#website\"},\"datePublished\":\"2017-01-03T12:56:33+00:00\",\"dateModified\":\"2023-10-29T13:43:03+00:00\",\"breadcrumb\":{\"@id\":\"https:\/\/www.testogel.org\/pt-pt\/#breadcrumb\"},\"inLanguage\":\"pt-PT\",\"potentialAction\":[{\"@type\":\"ReadAction\",\"target\":[\"https:\/\/www.testogel.org\/pt-pt\/\"]}]},{\"@type\":\"BreadcrumbList\",\"@id\":\"https:\/\/www.testogel.org\/pt-pt\/#breadcrumb\",\"itemListElement\":[{\"@type\":\"ListItem\",\"position\":1,\"name\":\"Startseite\",\"item\":\"https:\/\/www.testogel.org\/pt-pt\/\"},{\"@type\":\"ListItem\",\"position\":2,\"name\":\"Comprar Testogel 50 mg sem receita m\u00e9dica em Portugal\"}]},{\"@type\":\"WebSite\",\"@id\":\"https:\/\/www.testogel.org\/pt-pt\/#website\",\"url\":\"https:\/\/www.testogel.org\/pt-pt\/\",\"name\":\"Testogel\",\"description\":\"\",\"publisher\":{\"@id\":\"https:\/\/www.testogel.org\/pt-pt\/#organization\"},\"potentialAction\":[{\"@type\":\"SearchAction\",\"target\":{\"@type\":\"EntryPoint\",\"urlTemplate\":\"https:\/\/www.testogel.org\/pt-pt\/?s={search_term_string}\"},\"query-input\":\"required name=search_term_string\"}],\"inLanguage\":\"pt-PT\"},{\"@type\":\"Organization\",\"@id\":\"https:\/\/www.testogel.org\/pt-pt\/#organization\",\"name\":\"Testogel\",\"url\":\"https:\/\/www.testogel.org\/pt-pt\/\",\"logo\":{\"@type\":\"ImageObject\",\"inLanguage\":\"pt-PT\",\"@id\":\"https:\/\/www.testogel.org\/pt-pt\/#\/schema\/logo\/image\/\",\"url\":\"https:\/\/www.testogel.org\/wp-content\/uploads\/2023\/10\/testogel.gif\",\"contentUrl\":\"https:\/\/www.testogel.org\/wp-content\/uploads\/2023\/10\/testogel.gif\",\"width\":303,\"height\":120,\"caption\":\"Testogel\"},\"image\":{\"@id\":\"https:\/\/www.testogel.org\/pt-pt\/#\/schema\/logo\/image\/\"}}]}<\/script>\n<!-- \/ Yoast SEO plugin. -->","yoast_head_json":{"title":"Testogel sem receita em Portugal \u2734\ufe0f Pre\u00e7o: 142,20 \u20ac","robots":{"index":"index","follow":"follow","max-snippet":"max-snippet:-1","max-image-preview":"max-image-preview:large","max-video-preview":"max-video-preview:-1"},"canonical":"https:\/\/www.testogel.org\/pt-pt\/","og_locale":"pt_PT","og_type":"article","og_title":"Testogel sem receita em Portugal \u2734\ufe0f Pre\u00e7o: 142,20 \u20ac","og_description":"Bem-vindos ao nosso portal profissional. Testogel \u00e9 um gel utilizado para tratar a defici\u00eancia de testosterona. O ingrediente ativo testosterona \u00e9 fornecido ao corpo atrav\u00e9s da pele. Ap\u00f3s a aplica\u00e7\u00e3o, provoca um aumento dos n\u00edveis de testosterona. O Testogel cont\u00e9m a hormona sexual testosterona. A prepara\u00e7\u00e3o \u00e9 aplicada sob a forma de gel, de modo ... Ler mais","og_url":"https:\/\/www.testogel.org\/pt-pt\/","og_site_name":"Testogel","article_modified_time":"2023-10-29T13:43:03+00:00","og_image":[{"url":"http:\/\/www.testogel.org\/wp-content\/uploads\/2017\/01\/testogel.jpg"}],"twitter_card":"summary_large_image","twitter_misc":{"Tempo estimado de leitura":"6 minutos"},"schema":{"@context":"https:\/\/schema.org","@graph":[{"@type":"WebPage","@id":"https:\/\/www.testogel.org\/pt-pt\/","url":"https:\/\/www.testogel.org\/pt-pt\/","name":"Testogel sem receita em Portugal \u2734\ufe0f Pre\u00e7o: 142,20 \u20ac","isPartOf":{"@id":"https:\/\/www.testogel.org\/pt-pt\/#website"},"datePublished":"2017-01-03T12:56:33+00:00","dateModified":"2023-10-29T13:43:03+00:00","breadcrumb":{"@id":"https:\/\/www.testogel.org\/pt-pt\/#breadcrumb"},"inLanguage":"pt-PT","potentialAction":[{"@type":"ReadAction","target":["https:\/\/www.testogel.org\/pt-pt\/"]}]},{"@type":"BreadcrumbList","@id":"https:\/\/www.testogel.org\/pt-pt\/#breadcrumb","itemListElement":[{"@type":"ListItem","position":1,"name":"Startseite","item":"https:\/\/www.testogel.org\/pt-pt\/"},{"@type":"ListItem","position":2,"name":"Comprar Testogel 50 mg sem receita m\u00e9dica em Portugal"}]},{"@type":"WebSite","@id":"https:\/\/www.testogel.org\/pt-pt\/#website","url":"https:\/\/www.testogel.org\/pt-pt\/","name":"Testogel","description":"","publisher":{"@id":"https:\/\/www.testogel.org\/pt-pt\/#organization"},"potentialAction":[{"@type":"SearchAction","target":{"@type":"EntryPoint","urlTemplate":"https:\/\/www.testogel.org\/pt-pt\/?s={search_term_string}"},"query-input":"required name=search_term_string"}],"inLanguage":"pt-PT"},{"@type":"Organization","@id":"https:\/\/www.testogel.org\/pt-pt\/#organization","name":"Testogel","url":"https:\/\/www.testogel.org\/pt-pt\/","logo":{"@type":"ImageObject","inLanguage":"pt-PT","@id":"https:\/\/www.testogel.org\/pt-pt\/#\/schema\/logo\/image\/","url":"https:\/\/www.testogel.org\/wp-content\/uploads\/2023\/10\/testogel.gif","contentUrl":"https:\/\/www.testogel.org\/wp-content\/uploads\/2023\/10\/testogel.gif","width":303,"height":120,"caption":"Testogel"},"image":{"@id":"https:\/\/www.testogel.org\/pt-pt\/#\/schema\/logo\/image\/"}}]}},"_links":{"self":[{"href":"https:\/\/www.testogel.org\/pt-pt\/wp-json\/wp\/v2\/pages\/138"}],"collection":[{"href":"https:\/\/www.testogel.org\/pt-pt\/wp-json\/wp\/v2\/pages"}],"about":[{"href":"https:\/\/www.testogel.org\/pt-pt\/wp-json\/wp\/v2\/types\/page"}],"author":[{"embeddable":true,"href":"https:\/\/www.testogel.org\/pt-pt\/wp-json\/wp\/v2\/users\/1"}],"replies":[{"embeddable":true,"href":"https:\/\/www.testogel.org\/pt-pt\/wp-json\/wp\/v2\/comments?post=138"}],"version-history":[{"count":3,"href":"https:\/\/www.testogel.org\/pt-pt\/wp-json\/wp\/v2\/pages\/138\/revisions"}],"predecessor-version":[{"id":141,"href":"https:\/\/www.testogel.org\/pt-pt\/wp-json\/wp\/v2\/pages\/138\/revisions\/141"}],"wp:attachment":[{"href":"https:\/\/www.testogel.org\/pt-pt\/wp-json\/wp\/v2\/media?parent=138"}],"curies":[{"name":"wp","href":"https:\/\/api.w.org\/{rel}","templated":true}]}}